{"id":23,"date":"2019-09-23T17:50:54","date_gmt":"2019-09-23T20:50:54","guid":{"rendered":"https:\/\/renefernandes.com.br\/sitenovo\/?page_id=23"},"modified":"2025-02-04T18:36:18","modified_gmt":"2025-02-04T21:36:18","slug":"escritorio","status":"publish","type":"page","link":"https:\/\/renefernandes.com.br\/sitenovo\/escritorio\/","title":{"rendered":"ESCRIT\u00d3RIO"},"content":{"rendered":"<h3>SOBRE<\/h3>\n<p>Com mais \u00a0de 800 projetos realizados, nas \u00e1reas residenciais, corporativos e comerciais, os arquitetos \u00a0Ren\u00e9 Fernandes e Adriana Rossi desenvolvem \u00a0projetos personalizados com dedica\u00e7\u00e3o e excel\u00eancia.<\/p>\n<p>Os s\u00f3cios buscam encontrar as melhores solu\u00e7\u00f5es no desenho de constru\u00e7\u00f5es e na cria\u00e7\u00e3o de ambientes inteligentes, surpreendentes e harm\u00f4nicos.<\/p>\n<p>&nbsp;<\/p>\n","protected":false},"excerpt":{"rendered":"<p>SOBRE Com mais \u00a0de 800 projetos realizados, nas \u00e1reas residenciais, corporativos e comerciais, os arquitetos \u00a0Ren\u00e9 Fernandes e Adriana Rossi desenvolvem \u00a0projetos personalizados com dedica\u00e7\u00e3o e excel\u00eancia. Os s\u00f3cios buscam encontrar as melhores solu\u00e7\u00f5es no desenho de constru\u00e7\u00f5es e na cria\u00e7\u00e3o de ambientes inteligentes, surpreendentes e harm\u00f4nicos. &nbsp;<\/p>\n","protected":false},"author":1,"featured_media":209,"parent":0,"menu_order":0,"comment_status":"closed","ping_status":"closed","template":"","meta":{"_acf_changed":false,"footnotes":""},"class_list":["post-23","page","type-page","status-publish","has-post-thumbnail","hentry"],"acf":[],"_links":{"self":[{"href":"https:\/\/renefernandes.com.br\/sitenovo\/wp-json\/wp\/v2\/pages\/23","targetHints":{"allow":["GET"]}}],"collection":[{"href":"https:\/\/renefernandes.com.br\/sitenovo\/wp-json\/wp\/v2\/pages"}],"about":[{"href":"https:\/\/renefernandes.com.br\/sitenovo\/wp-json\/wp\/v2\/types\/page"}],"author":[{"embeddable":true,"href":"https:\/\/renefernandes.com.br\/sitenovo\/wp-json\/wp\/v2\/users\/1"}],"replies":[{"embeddable":true,"href":"https:\/\/renefernandes.com.br\/sitenovo\/wp-json\/wp\/v2\/comments?post=23"}],"version-history":[{"count":17,"href":"https:\/\/renefernandes.com.br\/sitenovo\/wp-json\/wp\/v2\/pages\/23\/revisions"}],"predecessor-version":[{"id":786,"href":"https:\/\/renefernandes.com.br\/sitenovo\/wp-json\/wp\/v2\/pages\/23\/revisions\/786"}],"wp:featuredmedia":[{"embeddable":true,"href":"https:\/\/renefernandes.com.br\/sitenovo\/wp-json\/wp\/v2\/media\/209"}],"wp:attachment":[{"href":"https:\/\/renefernandes.com.br\/sitenovo\/wp-json\/wp\/v2\/media?parent=23"}],"curies":[{"name":"wp","href":"https:\/\/api.w.org\/{rel}","templated":true}]}}